{"id":298,"date":"2020-10-14T14:50:19","date_gmt":"2020-10-14T14:50:19","guid":{"rendered":"https:\/\/www.cssigniter.com\/demos\/convert\/?post_type=product&amp;p=298"},"modified":"2020-10-14T14:50:19","modified_gmt":"2020-10-14T14:50:19","slug":"the-fall-of-rjr-nabisco","status":"publish","type":"product","link":"https:\/\/www.tlacenezakony.sk\/?product=the-fall-of-rjr-nabisco","title":{"rendered":"The Fall of RJR Nabisco"},"content":{"rendered":"<p>In 1975, Ray Dalio founded an investment firm, Bridgewater Associates, out of his two-bedroom apartment in New York City. Forty years later, Bridgewater has made more money for its clients than any other hedge fund in history and grown into the fifth most important private company in the United States, according to Fortune magazine. Dalio himself has been named to Time magazine\u2019s list of the 100 most influential people in the world. Along the way, Dalio discovered a set of unique principles that have led to Bridgewater\u2019s exceptionally effective culture, which he describes as \u201can idea meritocracy that strives to achieve meaningful work and meaningful relationships through radical transparency.\u201d It is these principles, and not anything special about Dalio\u2014who grew up an ordinary kid in a middle-class Long Island neighborhood\u2014that he believes are the reason behind his success.<\/p>\n","protected":false},"excerpt":{"rendered":"<p>In 1975, Ray Dalio founded an investment firm, Bridgewater Associates, out of his two-bedroom apartment in New York City. Forty years later, Bridgewater has made more money for its clients than any other hedge fund in history and grown into the fifth most important private company in the United States, according to Fortune magazine. Dalio himself has been named to Time magazine\u2019s list of the 100 most influential people in the world.<\/p>\n","protected":false},"featured_media":299,"comment_status":"open","ping_status":"closed","template":"","meta":{"content-type":"","om_disable_all_campaigns":false,"_mi_skip_tracking":false},"product_cat":[23],"product_tag":[27,34,36],"yoast_head":"<!-- This site is optimized with the Yoast SEO plugin v20.1 - https:\/\/yoast.com\/wordpress\/plugins\/seo\/ -->\n<title>The Fall of RJR Nabisco - www.tlacenezakony.sk<\/title>\n<meta name=\"robots\" content=\"index, follow, max-snippet:-1, max-image-preview:large, max-video-preview:-1\" \/>\n<link rel=\"canonical\" href=\"https:\/\/www.tlacenezakony.sk\/?product=the-fall-of-rjr-nabisco\" \/>\n<meta property=\"og:locale\" content=\"sk_SK\" \/>\n<meta property=\"og:type\" content=\"article\" \/>\n<meta property=\"og:title\" content=\"The Fall of RJR Nabisco - www.tlacenezakony.sk\" \/>\n<meta property=\"og:description\" content=\"In 1975, Ray Dalio founded an investment firm, Bridgewater Associates, out of his two-bedroom apartment in New York City. Forty years later, Bridgewater has made more money for its clients than any other hedge fund in history and grown into the fifth most important private company in the United States, according to Fortune magazine. Dalio himself has been named to Time magazine\u2019s list of the 100 most influential people in the world.\" \/>\n<meta property=\"og:url\" content=\"https:\/\/www.tlacenezakony.sk\/?product=the-fall-of-rjr-nabisco\" \/>\n<meta property=\"og:site_name\" content=\"www.tlacenezakony.sk\" \/>\n<meta property=\"og:image\" content=\"https:\/\/www.tlacenezakony.sk\/wp-content\/uploads\/2020\/10\/book06.jpg\" \/>\n\t<meta property=\"og:image:width\" content=\"540\" \/>\n\t<meta property=\"og:image:height\" content=\"600\" \/>\n\t<meta property=\"og:image:type\" content=\"image\/jpeg\" \/>\n<meta name=\"twitter:card\" content=\"summary_large_image\" \/>\n<meta name=\"twitter:label1\" content=\"Predpokladan\u00fd \u010das \u010d\u00edtania\" \/>\n\t<meta name=\"twitter:data1\" content=\"1 min\u00fata\" \/>\n<script type=\"application\/ld+json\" class=\"yoast-schema-graph\">{\"@context\":\"https:\/\/schema.org\",\"@graph\":[{\"@type\":\"WebPage\",\"@id\":\"https:\/\/www.tlacenezakony.sk\/?product=the-fall-of-rjr-nabisco\",\"url\":\"https:\/\/www.tlacenezakony.sk\/?product=the-fall-of-rjr-nabisco\",\"name\":\"The Fall of RJR Nabisco - www.tlacenezakony.sk\",\"isPartOf\":{\"@id\":\"https:\/\/www.tlacenezakony.sk\/#website\"},\"datePublished\":\"2020-10-14T14:50:19+00:00\",\"dateModified\":\"2020-10-14T14:50:19+00:00\",\"breadcrumb\":{\"@id\":\"https:\/\/www.tlacenezakony.sk\/?product=the-fall-of-rjr-nabisco#breadcrumb\"},\"inLanguage\":\"sk-SK\",\"potentialAction\":[{\"@type\":\"ReadAction\",\"target\":[\"https:\/\/www.tlacenezakony.sk\/?product=the-fall-of-rjr-nabisco\"]}]},{\"@type\":\"BreadcrumbList\",\"@id\":\"https:\/\/www.tlacenezakony.sk\/?product=the-fall-of-rjr-nabisco#breadcrumb\",\"itemListElement\":[{\"@type\":\"ListItem\",\"position\":1,\"name\":\"Home\",\"item\":\"https:\/\/www.tlacenezakony.sk\/\"},{\"@type\":\"ListItem\",\"position\":2,\"name\":\"Obchod\",\"item\":\"https:\/\/www.tlacenezakony.sk\/?page_id=9\"},{\"@type\":\"ListItem\",\"position\":3,\"name\":\"The Fall of RJR Nabisco\"}]},{\"@type\":\"WebSite\",\"@id\":\"https:\/\/www.tlacenezakony.sk\/#website\",\"url\":\"https:\/\/www.tlacenezakony.sk\/\",\"name\":\"www.tlacenezakony.sk\",\"description\":\"\",\"publisher\":{\"@id\":\"https:\/\/www.tlacenezakony.sk\/#organization\"},\"potentialAction\":[{\"@type\":\"SearchAction\",\"target\":{\"@type\":\"EntryPoint\",\"urlTemplate\":\"https:\/\/www.tlacenezakony.sk\/?s={search_term_string}\"},\"query-input\":\"required name=search_term_string\"}],\"inLanguage\":\"sk-SK\"},{\"@type\":\"Organization\",\"@id\":\"https:\/\/www.tlacenezakony.sk\/#organization\",\"name\":\"www.tlacenezakony.sk\",\"url\":\"https:\/\/www.tlacenezakony.sk\/\",\"logo\":{\"@type\":\"ImageObject\",\"inLanguage\":\"sk-SK\",\"@id\":\"https:\/\/www.tlacenezakony.sk\/#\/schema\/logo\/image\/\",\"url\":\"https:\/\/www.tlacenezakony.sk\/wp-content\/uploads\/2023\/02\/cropped-logo-tlacenezakony.sk_web_png.png\",\"contentUrl\":\"https:\/\/www.tlacenezakony.sk\/wp-content\/uploads\/2023\/02\/cropped-logo-tlacenezakony.sk_web_png.png\",\"width\":833,\"height\":195,\"caption\":\"www.tlacenezakony.sk\"},\"image\":{\"@id\":\"https:\/\/www.tlacenezakony.sk\/#\/schema\/logo\/image\/\"}}]}<\/script>\n<!-- \/ Yoast SEO plugin. -->","yoast_head_json":{"title":"The Fall of RJR Nabisco - www.tlacenezakony.sk","robots":{"index":"index","follow":"follow","max-snippet":"max-snippet:-1","max-image-preview":"max-image-preview:large","max-video-preview":"max-video-preview:-1"},"canonical":"https:\/\/www.tlacenezakony.sk\/?product=the-fall-of-rjr-nabisco","og_locale":"sk_SK","og_type":"article","og_title":"The Fall of RJR Nabisco - www.tlacenezakony.sk","og_description":"In 1975, Ray Dalio founded an investment firm, Bridgewater Associates, out of his two-bedroom apartment in New York City. Forty years later, Bridgewater has made more money for its clients than any other hedge fund in history and grown into the fifth most important private company in the United States, according to Fortune magazine. Dalio himself has been named to Time magazine\u2019s list of the 100 most influential people in the world.","og_url":"https:\/\/www.tlacenezakony.sk\/?product=the-fall-of-rjr-nabisco","og_site_name":"www.tlacenezakony.sk","og_image":[{"width":540,"height":600,"url":"https:\/\/www.tlacenezakony.sk\/wp-content\/uploads\/2020\/10\/book06.jpg","type":"image\/jpeg"}],"twitter_card":"summary_large_image","twitter_misc":{"Predpokladan\u00fd \u010das \u010d\u00edtania":"1 min\u00fata"},"schema":{"@context":"https:\/\/schema.org","@graph":[{"@type":"WebPage","@id":"https:\/\/www.tlacenezakony.sk\/?product=the-fall-of-rjr-nabisco","url":"https:\/\/www.tlacenezakony.sk\/?product=the-fall-of-rjr-nabisco","name":"The Fall of RJR Nabisco - www.tlacenezakony.sk","isPartOf":{"@id":"https:\/\/www.tlacenezakony.sk\/#website"},"datePublished":"2020-10-14T14:50:19+00:00","dateModified":"2020-10-14T14:50:19+00:00","breadcrumb":{"@id":"https:\/\/www.tlacenezakony.sk\/?product=the-fall-of-rjr-nabisco#breadcrumb"},"inLanguage":"sk-SK","potentialAction":[{"@type":"ReadAction","target":["https:\/\/www.tlacenezakony.sk\/?product=the-fall-of-rjr-nabisco"]}]},{"@type":"BreadcrumbList","@id":"https:\/\/www.tlacenezakony.sk\/?product=the-fall-of-rjr-nabisco#breadcrumb","itemListElement":[{"@type":"ListItem","position":1,"name":"Home","item":"https:\/\/www.tlacenezakony.sk\/"},{"@type":"ListItem","position":2,"name":"Obchod","item":"https:\/\/www.tlacenezakony.sk\/?page_id=9"},{"@type":"ListItem","position":3,"name":"The Fall of RJR Nabisco"}]},{"@type":"WebSite","@id":"https:\/\/www.tlacenezakony.sk\/#website","url":"https:\/\/www.tlacenezakony.sk\/","name":"www.tlacenezakony.sk","description":"","publisher":{"@id":"https:\/\/www.tlacenezakony.sk\/#organization"},"potentialAction":[{"@type":"SearchAction","target":{"@type":"EntryPoint","urlTemplate":"https:\/\/www.tlacenezakony.sk\/?s={search_term_string}"},"query-input":"required name=search_term_string"}],"inLanguage":"sk-SK"},{"@type":"Organization","@id":"https:\/\/www.tlacenezakony.sk\/#organization","name":"www.tlacenezakony.sk","url":"https:\/\/www.tlacenezakony.sk\/","logo":{"@type":"ImageObject","inLanguage":"sk-SK","@id":"https:\/\/www.tlacenezakony.sk\/#\/schema\/logo\/image\/","url":"https:\/\/www.tlacenezakony.sk\/wp-content\/uploads\/2023\/02\/cropped-logo-tlacenezakony.sk_web_png.png","contentUrl":"https:\/\/www.tlacenezakony.sk\/wp-content\/uploads\/2023\/02\/cropped-logo-tlacenezakony.sk_web_png.png","width":833,"height":195,"caption":"www.tlacenezakony.sk"},"image":{"@id":"https:\/\/www.tlacenezakony.sk\/#\/schema\/logo\/image\/"}}]}},"_links":{"self":[{"href":"https:\/\/www.tlacenezakony.sk\/index.php?rest_route=\/wp\/v2\/product\/298"}],"collection":[{"href":"https:\/\/www.tlacenezakony.sk\/index.php?rest_route=\/wp\/v2\/product"}],"about":[{"href":"https:\/\/www.tlacenezakony.sk\/index.php?rest_route=\/wp\/v2\/types\/product"}],"replies":[{"embeddable":true,"href":"https:\/\/www.tlacenezakony.sk\/index.php?rest_route=%2Fwp%2Fv2%2Fcomments&post=298"}],"wp:featuredmedia":[{"embeddable":true,"href":"https:\/\/www.tlacenezakony.sk\/index.php?rest_route=\/wp\/v2\/media\/299"}],"wp:attachment":[{"href":"https:\/\/www.tlacenezakony.sk\/index.php?rest_route=%2Fwp%2Fv2%2Fmedia&parent=298"}],"wp:term":[{"taxonomy":"product_cat","embeddable":true,"href":"https:\/\/www.tlacenezakony.sk\/index.php?rest_route=%2Fwp%2Fv2%2Fproduct_cat&post=298"},{"taxonomy":"product_tag","embeddable":true,"href":"https:\/\/www.tlacenezakony.sk\/index.php?rest_route=%2Fwp%2Fv2%2Fproduct_tag&post=298"}],"curies":[{"name":"wp","href":"https:\/\/api.w.org\/{rel}","templated":true}]}}