{"id":31,"date":"2020-10-13T14:38:21","date_gmt":"2020-10-13T14:38:21","guid":{"rendered":"https:\/\/www.cssigniter.com\/demos\/convert\/?page_id=31"},"modified":"2020-10-13T14:38:21","modified_gmt":"2020-10-13T14:38:21","slug":"careers","status":"publish","type":"page","link":"https:\/\/www.tlacenezakony.sk\/?page_id=31","title":{"rendered":"Careers"},"content":{"rendered":"\n<div id=\"block-f89988-57\" class=\"wp-block-gutenbee-container\"><div class=\"wp-block-gutenbee-container-inner\"><div class=\"wp-block-gutenbee-container-row wp-block-gutenbee-container-lg\">\n<div id=\"block-ef54cb-76\" class=\"wp-block-gutenbee-column\"><style>#block-ef54cb-76 { flex-basis: 50%; }\n\n\n      @media (max-width: 991px) {\n        #block-ef54cb-76 { flex-basis: 100%; }\n      }\n\n\n      @media (max-width: 575px) {\n        #block-ef54cb-76 { flex-basis: 100%; }\n      }<\/style><div class=\"wp-block-gutenbee-column-content\" style=\"background-repeat:no-repeat;background-size:cover;background-position:top center;background-attachment:scroll\">\n<h2>We are just getting started<\/h2>\n\n\n\n<p>So far, we\u2019ve connected more than 2 billion people \u2014 which means we still have more than 5 billion to go. The scale and complexity of our work are unprecedented, and the work we do makes a real difference in the lives of people around the world.&nbsp;<\/p>\n\n\n\n<h2>See what drives us<\/h2>\n\n\n\n<p>This is where some of the world\u2019s smartest, most passionate people create the world\u2019s most innovative products and experiences. Join us and you\u2019ll do the best work of your life&nbsp;\u2014 and make a difference in other people\u2019s lives.<\/p>\n<\/div><\/div>\n\n\n\n<div id=\"block-195c75-75\" class=\"wp-block-gutenbee-column\"><style>#block-195c75-75 { flex-basis: 50%; }\n\n\n      @media (max-width: 991px) {\n        #block-195c75-75 { flex-basis: 100%; }\n      }\n\n\n      @media (max-width: 575px) {\n        #block-195c75-75 { flex-basis: 100%; }\n      }<\/style><div class=\"wp-block-gutenbee-column-content\" style=\"background-repeat:no-repeat;background-size:cover;background-position:top center;background-attachment:scroll\">\n<figure class=\"wp-block-embed-youtube wp-block-embed is-type-video is-provider-youtube wp-embed-aspect-16-9 wp-has-aspect-ratio\"><div class=\"wp-block-embed__wrapper\">\n<div class=\"ignition-responsive-embed\"><iframe loading=\"lazy\" title=\"What&#039;s it like to work at Google?\" width=\"850\" height=\"478\" src=\"https:\/\/www.youtube.com\/embed\/n_Cn8eFo7u8?feature=oembed\" frameborder=\"0\" allow=\"accelerometer; autoplay; clipboard-write; encrypted-media; gyroscope; picture-in-picture; web-share\" allowfullscreen><\/iframe><\/div>\n<\/div><\/figure>\n<\/div><\/div>\n<\/div><\/div><div class=\"wp-block-gutenbee-container-background\" data-parallax-speed=\"0.3\" style=\"background-repeat:no-repeat;background-size:cover;background-position:top center;background-attachment:scroll\"><\/div><\/div>\n\n\n\n<figure class=\"wp-block-table is-style-ignition-convert-table\"><table><thead><tr><th>Position<\/th><th>Location<\/th><th>Department<\/th><th>Date<\/th><th>Salary<\/th><\/tr><\/thead><tbody><tr><td><a href=\"https:\/\/www.cssigniter.com\/demos\/convert\/careers\/supply-chain-account-manager\/\" data-type=\"page\" data-id=\"383\"><strong>Supply Chain Account Manager<\/strong><\/a><\/td><td>Munich, Germany<\/td><td>Operations<\/td><td>April 2022<\/td><td>$45,000<\/td><\/tr><tr><td><a href=\"https:\/\/www.cssigniter.com\/demos\/convert\/careers\/distributor-account-manager\/\" data-type=\"page\" data-id=\"386\"><strong>Distributor Account Manager<\/strong><\/a><\/td><td>Thailand, Bangkok<\/td><td>Business Development<\/td><td>May 2021<\/td><td>$65,000<\/td><\/tr><tr><td><a href=\"https:\/\/www.cssigniter.com\/demos\/convert\/careers\/channel-support-account-manager\/\" data-type=\"page\" data-id=\"389\"><strong>Channel Support Account Manager<\/strong><\/a><\/td><td>Sydney, Australia<\/td><td>Operations<\/td><td>March 2021<\/td><td>$70,000<\/td><\/tr><tr><td><a href=\"https:\/\/www.cssigniter.com\/demos\/convert\/mts-account-executive\/\" data-type=\"page\" data-id=\"392\"><strong>MTS Account Executive<\/strong><\/a><\/td><td>Atlanta, GA<\/td><td>Accounting<\/td><td>February 201<\/td><td>$50,000<\/td><\/tr><tr><td><\/td><td><\/td><td><\/td><td><\/td><td><\/td><\/tr><\/tbody><\/table><\/figure>\n","protected":false},"excerpt":{"rendered":"<p>Wherever you are in your career, we help you to make a difference every day.<\/p>\n","protected":false},"author":1,"featured_media":0,"parent":0,"menu_order":0,"comment_status":"closed","ping_status":"closed","template":"templates\/template-fullwidth-boxed.php","meta":{"content-type":"","om_disable_all_campaigns":false,"_mi_skip_tracking":false},"yoast_head":"<!-- This site is optimized with the Yoast SEO plugin v20.1 - https:\/\/yoast.com\/wordpress\/plugins\/seo\/ -->\n<title>Careers - www.tlacenezakony.sk<\/title>\n<meta name=\"robots\" content=\"index, follow, max-snippet:-1, max-image-preview:large, max-video-preview:-1\" \/>\n<link rel=\"canonical\" href=\"https:\/\/www.tlacenezakony.sk\/?page_id=31\" \/>\n<meta property=\"og:locale\" content=\"sk_SK\" \/>\n<meta property=\"og:type\" content=\"article\" \/>\n<meta property=\"og:title\" content=\"Careers - www.tlacenezakony.sk\" \/>\n<meta property=\"og:description\" content=\"Wherever you are in your career, we help you to make a difference every day.\" \/>\n<meta property=\"og:url\" content=\"https:\/\/www.tlacenezakony.sk\/?page_id=31\" \/>\n<meta property=\"og:site_name\" content=\"www.tlacenezakony.sk\" \/>\n<meta name=\"twitter:card\" content=\"summary_large_image\" \/>\n<meta name=\"twitter:label1\" content=\"Predpokladan\u00fd \u010das \u010d\u00edtania\" \/>\n\t<meta name=\"twitter:data1\" content=\"1 min\u00fata\" \/>\n<script type=\"application\/ld+json\" class=\"yoast-schema-graph\">{\"@context\":\"https:\/\/schema.org\",\"@graph\":[{\"@type\":\"WebPage\",\"@id\":\"https:\/\/www.tlacenezakony.sk\/?page_id=31\",\"url\":\"https:\/\/www.tlacenezakony.sk\/?page_id=31\",\"name\":\"Careers - www.tlacenezakony.sk\",\"isPartOf\":{\"@id\":\"https:\/\/www.tlacenezakony.sk\/#website\"},\"datePublished\":\"2020-10-13T14:38:21+00:00\",\"dateModified\":\"2020-10-13T14:38:21+00:00\",\"breadcrumb\":{\"@id\":\"https:\/\/www.tlacenezakony.sk\/?page_id=31#breadcrumb\"},\"inLanguage\":\"sk-SK\",\"potentialAction\":[{\"@type\":\"ReadAction\",\"target\":[\"https:\/\/www.tlacenezakony.sk\/?page_id=31\"]}]},{\"@type\":\"BreadcrumbList\",\"@id\":\"https:\/\/www.tlacenezakony.sk\/?page_id=31#breadcrumb\",\"itemListElement\":[{\"@type\":\"ListItem\",\"position\":1,\"name\":\"Home\",\"item\":\"https:\/\/www.tlacenezakony.sk\/\"},{\"@type\":\"ListItem\",\"position\":2,\"name\":\"Careers\"}]},{\"@type\":\"WebSite\",\"@id\":\"https:\/\/www.tlacenezakony.sk\/#website\",\"url\":\"https:\/\/www.tlacenezakony.sk\/\",\"name\":\"www.tlacenezakony.sk\",\"description\":\"\",\"publisher\":{\"@id\":\"https:\/\/www.tlacenezakony.sk\/#organization\"},\"potentialAction\":[{\"@type\":\"SearchAction\",\"target\":{\"@type\":\"EntryPoint\",\"urlTemplate\":\"https:\/\/www.tlacenezakony.sk\/?s={search_term_string}\"},\"query-input\":\"required name=search_term_string\"}],\"inLanguage\":\"sk-SK\"},{\"@type\":\"Organization\",\"@id\":\"https:\/\/www.tlacenezakony.sk\/#organization\",\"name\":\"www.tlacenezakony.sk\",\"url\":\"https:\/\/www.tlacenezakony.sk\/\",\"logo\":{\"@type\":\"ImageObject\",\"inLanguage\":\"sk-SK\",\"@id\":\"https:\/\/www.tlacenezakony.sk\/#\/schema\/logo\/image\/\",\"url\":\"https:\/\/www.tlacenezakony.sk\/wp-content\/uploads\/2023\/02\/cropped-logo-tlacenezakony.sk_web_png.png\",\"contentUrl\":\"https:\/\/www.tlacenezakony.sk\/wp-content\/uploads\/2023\/02\/cropped-logo-tlacenezakony.sk_web_png.png\",\"width\":833,\"height\":195,\"caption\":\"www.tlacenezakony.sk\"},\"image\":{\"@id\":\"https:\/\/www.tlacenezakony.sk\/#\/schema\/logo\/image\/\"}}]}<\/script>\n<!-- \/ Yoast SEO plugin. -->","yoast_head_json":{"title":"Careers - www.tlacenezakony.sk","robots":{"index":"index","follow":"follow","max-snippet":"max-snippet:-1","max-image-preview":"max-image-preview:large","max-video-preview":"max-video-preview:-1"},"canonical":"https:\/\/www.tlacenezakony.sk\/?page_id=31","og_locale":"sk_SK","og_type":"article","og_title":"Careers - www.tlacenezakony.sk","og_description":"Wherever you are in your career, we help you to make a difference every day.","og_url":"https:\/\/www.tlacenezakony.sk\/?page_id=31","og_site_name":"www.tlacenezakony.sk","twitter_card":"summary_large_image","twitter_misc":{"Predpokladan\u00fd \u010das \u010d\u00edtania":"1 min\u00fata"},"schema":{"@context":"https:\/\/schema.org","@graph":[{"@type":"WebPage","@id":"https:\/\/www.tlacenezakony.sk\/?page_id=31","url":"https:\/\/www.tlacenezakony.sk\/?page_id=31","name":"Careers - www.tlacenezakony.sk","isPartOf":{"@id":"https:\/\/www.tlacenezakony.sk\/#website"},"datePublished":"2020-10-13T14:38:21+00:00","dateModified":"2020-10-13T14:38:21+00:00","breadcrumb":{"@id":"https:\/\/www.tlacenezakony.sk\/?page_id=31#breadcrumb"},"inLanguage":"sk-SK","potentialAction":[{"@type":"ReadAction","target":["https:\/\/www.tlacenezakony.sk\/?page_id=31"]}]},{"@type":"BreadcrumbList","@id":"https:\/\/www.tlacenezakony.sk\/?page_id=31#breadcrumb","itemListElement":[{"@type":"ListItem","position":1,"name":"Home","item":"https:\/\/www.tlacenezakony.sk\/"},{"@type":"ListItem","position":2,"name":"Careers"}]},{"@type":"WebSite","@id":"https:\/\/www.tlacenezakony.sk\/#website","url":"https:\/\/www.tlacenezakony.sk\/","name":"www.tlacenezakony.sk","description":"","publisher":{"@id":"https:\/\/www.tlacenezakony.sk\/#organization"},"potentialAction":[{"@type":"SearchAction","target":{"@type":"EntryPoint","urlTemplate":"https:\/\/www.tlacenezakony.sk\/?s={search_term_string}"},"query-input":"required name=search_term_string"}],"inLanguage":"sk-SK"},{"@type":"Organization","@id":"https:\/\/www.tlacenezakony.sk\/#organization","name":"www.tlacenezakony.sk","url":"https:\/\/www.tlacenezakony.sk\/","logo":{"@type":"ImageObject","inLanguage":"sk-SK","@id":"https:\/\/www.tlacenezakony.sk\/#\/schema\/logo\/image\/","url":"https:\/\/www.tlacenezakony.sk\/wp-content\/uploads\/2023\/02\/cropped-logo-tlacenezakony.sk_web_png.png","contentUrl":"https:\/\/www.tlacenezakony.sk\/wp-content\/uploads\/2023\/02\/cropped-logo-tlacenezakony.sk_web_png.png","width":833,"height":195,"caption":"www.tlacenezakony.sk"},"image":{"@id":"https:\/\/www.tlacenezakony.sk\/#\/schema\/logo\/image\/"}}]}},"_links":{"self":[{"href":"https:\/\/www.tlacenezakony.sk\/index.php?rest_route=\/wp\/v2\/pages\/31"}],"collection":[{"href":"https:\/\/www.tlacenezakony.sk\/index.php?rest_route=\/wp\/v2\/pages"}],"about":[{"href":"https:\/\/www.tlacenezakony.sk\/index.php?rest_route=\/wp\/v2\/types\/page"}],"author":[{"embeddable":true,"href":"https:\/\/www.tlacenezakony.sk\/index.php?rest_route=\/wp\/v2\/users\/1"}],"replies":[{"embeddable":true,"href":"https:\/\/www.tlacenezakony.sk\/index.php?rest_route=%2Fwp%2Fv2%2Fcomments&post=31"}],"version-history":[{"count":0,"href":"https:\/\/www.tlacenezakony.sk\/index.php?rest_route=\/wp\/v2\/pages\/31\/revisions"}],"wp:attachment":[{"href":"https:\/\/www.tlacenezakony.sk\/index.php?rest_route=%2Fwp%2Fv2%2Fmedia&parent=31"}],"curies":[{"name":"wp","href":"https:\/\/api.w.org\/{rel}","templated":true}]}}