{"id":24,"date":"2020-10-13T14:36:51","date_gmt":"2020-10-13T14:36:51","guid":{"rendered":"https:\/\/www.cssigniter.com\/demos\/convert\/?page_id=24"},"modified":"2023-02-11T09:41:58","modified_gmt":"2023-02-11T08:41:58","slug":"overview-style-2","status":"publish","type":"page","link":"https:\/\/www.tlacenezakony.sk\/?page_id=24","title":{"rendered":"Overview"},"content":{"rendered":"\n<div id=\"block-cae41d-c8\" class=\"wp-block-gutenbee-container\"><style>#block-cae41d-c8 { height: 500px; }\n#block-cae41d-c8 { padding: 30px 30px 30px 30px; }\n#block-cae41d-c8 { align-items: flex-end; }<\/style><div class=\"wp-block-gutenbee-container-inner\"><div class=\"wp-block-gutenbee-container-row wp-block-gutenbee-container-lg\">\n<div id=\"block-909888-6a\" class=\"wp-block-gutenbee-column\"><style>#block-909888-6a { flex-basis: 100%; }\n\n\n      @media (max-width: 991px) {\n        #block-909888-6a { flex-basis: 100%; }\n      }\n\n\n      @media (max-width: 575px) {\n        #block-909888-6a { flex-basis: 100%; }\n      }<\/style><div class=\"wp-block-gutenbee-column-content\" style=\"background-repeat:no-repeat;background-size:cover;background-position:top center;background-attachment:scroll\">\n<style>#block-4d399e-0d {   margin-bottom: 10px;  }<\/style><h2 id=\"block-4d399e-0d\" class=\"has-text-color\" style=\"color:#fff\">Management Consulting<\/h2>\n\n\n\n<style>#block-2fa25e-f7 {   margin-bottom: 10px;  }<\/style><p id=\"block-2fa25e-f7\" class=\"has-text-color has-white-color\">Strategy consultants are hired by clients to support them with strategic decision making, which includes the development of strategy and to an extent also the execution of strategic plans.<\/p>\n<\/div><\/div>\n<\/div><div class=\"wp-block-gutenbee-container-background-overlay\" style=\"background-color:rgba(24, 49, 84, 0.4)\"><\/div><\/div><div class=\"wp-block-gutenbee-container-background\" data-parallax-speed=\"0.3\" style=\"background-image:url(https:\/\/www.tlacenezakony.sk\/wp-content\/uploads\/2020\/10\/consulting.jpg);background-repeat:no-repeat;background-size:cover;background-position:top center;background-attachment:scroll\"><\/div><\/div>\n\n\n\n<p>Business analysis is used if the aim of the project is that an existing business will be improved and thus likely to change. We start by describing the current situation and then create a scenario for the future. It is important to agree on the starting position in order to measure the effect of the change. The mapping also makes the anchor stronger, for both those involved in the work through interviews, workshops, etc., and for those who can receive information about the current situation and the degree to which future action is needed.<\/p>\n\n\n\n<h2>Application Advantage<\/h2>\n\n\n\n<p>Cutting edge competence and flexibility when you need it. Skilled and certified experts who ensure you get the right return on your technology investment, and who help your enterprise make technology a competitive edge. Our greatest strength is the combination of our strong, local presence and our global ability to deliver from all of the Nordics, Latvia, and India.<\/p>\n\n\n\n<blockquote class=\"wp-block-quote\"><p>Once you know what you want to accomplish, our experienced consultants have the tools and methods that allow you to reach all the way to success. One condition is that those affected by the changes&nbsp;get involved in the work thorugh workshops and other efforts. Involvement from&nbsp;key&nbsp;representatives from your business is&nbsp;crucial to success.<\/p><\/blockquote>\n\n\n\n<h2>A new approach to applications<\/h2>\n\n\n\n<p>The traditional approach to application management, using linear processes, silo-based planning and a technology focus must be replaced with an holistic approach, incorporating both marathon and sprint, and supporting multiple layers of operations.<\/p>\n\n\n\n<p>The environment in which a <strong>company operates is constantly changing and the competition it is faced with is becoming even tougher<\/strong>. In order to maintain their competitive advantage, companies decide to proceed with significant investments upgrading their IT infrastructure. However, while this strategy is a step in the right direction, if not carried out correctly, it can cause problems to the smooth operation of the business. Moreover, as it quite often has been recorded in IT services segment, major projects derogate from the initial timetable casing a negative impact on the budget, return on investment and, in general, on the entire success of the project.<\/p>\n\n\n\n<h2>Enabling your digital potential<\/h2>\n\n\n\n<div id=\"block-480acb-4f\" class=\"wp-block-gutenbee-container\"><div class=\"wp-block-gutenbee-container-inner\"><div class=\"wp-block-gutenbee-container-row wp-block-gutenbee-container-lg\">\n<div id=\"block-68570e-70\" class=\"wp-block-gutenbee-column\"><style>#block-68570e-70 { flex-basis: 50%; }\n\n\n      @media (max-width: 991px) {\n        #block-68570e-70 { flex-basis: 100%; }\n      }\n\n\n      @media (max-width: 575px) {\n        #block-68570e-70 { flex-basis: 100%; }\n      }<\/style><div class=\"wp-block-gutenbee-column-content\" style=\"background-repeat:no-repeat;background-size:cover;background-position:top center;background-attachment:scroll\">\n<figure id=\"block-e7803d-c9\" class=\"wp-block-gutenbee-image\"><style>#block-e7803d-c9 {   margin-bottom: 30px;  }<\/style><img decoding=\"async\" loading=\"lazy\" width=\"900\" height=\"600\" src=\"https:\/\/www.tlacenezakony.sk\/wp-content\/uploads\/2020\/10\/insurance.jpg\" alt=\"\" class=\"wp-image-144\" srcset=\"https:\/\/www.tlacenezakony.sk\/wp-content\/uploads\/2020\/10\/insurance.jpg 900w, https:\/\/www.tlacenezakony.sk\/wp-content\/uploads\/2020\/10\/insurance-300x200.jpg 300w, https:\/\/www.tlacenezakony.sk\/wp-content\/uploads\/2020\/10\/insurance-768x512.jpg 768w, https:\/\/www.tlacenezakony.sk\/wp-content\/uploads\/2020\/10\/insurance-870x580.jpg 870w, https:\/\/www.tlacenezakony.sk\/wp-content\/uploads\/2020\/10\/insurance-615x410.jpg 615w, https:\/\/www.tlacenezakony.sk\/wp-content\/uploads\/2020\/10\/insurance-560x373.jpg 560w\" sizes=\"(max-width: 900px) 100vw, 900px\" \/><\/figure>\n<\/div><\/div>\n\n\n\n<div id=\"block-b98fdc-c1\" class=\"wp-block-gutenbee-column\"><style>#block-b98fdc-c1 { flex-basis: 50%; }\n\n\n      @media (max-width: 991px) {\n        #block-b98fdc-c1 { flex-basis: 100%; }\n      }\n\n\n      @media (max-width: 575px) {\n        #block-b98fdc-c1 { flex-basis: 100%; }\n      }<\/style><div class=\"wp-block-gutenbee-column-content\" style=\"background-repeat:no-repeat;background-size:cover;background-position:top center;background-attachment:scroll\">\n<p>Businesses today face many challenges. The need to keep on growing. The requirement to increase efficiency. The demand to operate sustainably. And there\u2019s extraordinary pressure on IT to deliver the necessary solutions. These solutions represent a significant investment for any business and it\u2019s vital that they perform effectively, reliably, always. Here\u2019s where EVRY Test Management can provide a measure of certainty through a rigorous program of quality assurance, testing and validation. Good to know.<\/p>\n<\/div><\/div>\n<\/div><\/div><div class=\"wp-block-gutenbee-container-background\" data-parallax-speed=\"0.3\" style=\"background-repeat:no-repeat;background-size:cover;background-position:top center;background-attachment:scroll\"><\/div><\/div>\n\n\n\n<h3>Enterprise&nbsp;Performance&nbsp;Management<\/h3>\n\n\n\n<p>The need for strategic management of information circulating within an organization has become more intense than ever. Nevertheless, business managers are often required to take important decisions without having the desirable visibility throughout the entire enterprise.<\/p>\n\n\n\n<ul><li>Enterprise Performance Management<\/li><li>Integrated Business Planning<\/li><li>Business Intelligence and Analytics<\/li><li>Implementation and Support of ERP solutions<\/li><li>Facilities and Equipment Management<\/li><li>Enterprise Content Management<\/li><li>Customer Relationship Management<\/li><li>Human Capital Management<\/li><li>IT Project Management &amp; Information Systems Redesign<\/li><li>Risk Assessment and Information Systems Compliance<\/li><li>Information Systems Security Services<\/li><li>User training \/ Seminars<\/li><\/ul>\n","protected":false},"excerpt":{"rendered":"<p>A leading business adviser that helps dynamic organizations to unlock their potential for growth<\/p>\n","protected":false},"author":1,"featured_media":0,"parent":0,"menu_order":0,"comment_status":"closed","ping_status":"closed","template":"","meta":{"content-type":"","om_disable_all_campaigns":false,"_mi_skip_tracking":false},"yoast_head":"<!-- This site is optimized with the Yoast SEO plugin v20.1 - https:\/\/yoast.com\/wordpress\/plugins\/seo\/ -->\n<title>Overview - www.tlacenezakony.sk<\/title>\n<meta name=\"robots\" content=\"index, follow, max-snippet:-1, max-image-preview:large, max-video-preview:-1\" \/>\n<link rel=\"canonical\" href=\"https:\/\/www.tlacenezakony.sk\/?page_id=24\" \/>\n<meta property=\"og:locale\" content=\"sk_SK\" \/>\n<meta property=\"og:type\" content=\"article\" \/>\n<meta property=\"og:title\" content=\"Overview - www.tlacenezakony.sk\" \/>\n<meta property=\"og:description\" content=\"A leading business adviser that helps dynamic organizations to unlock their potential for growth\" \/>\n<meta property=\"og:url\" content=\"https:\/\/www.tlacenezakony.sk\/?page_id=24\" \/>\n<meta property=\"og:site_name\" content=\"www.tlacenezakony.sk\" \/>\n<meta property=\"article:modified_time\" content=\"2023-02-11T08:41:58+00:00\" \/>\n<meta property=\"og:image\" content=\"https:\/\/www.tlacenezakony.sk\/wp-content\/uploads\/2020\/10\/insurance.jpg\" \/>\n<meta name=\"twitter:card\" content=\"summary_large_image\" \/>\n<meta name=\"twitter:label1\" content=\"Predpokladan\u00fd \u010das \u010d\u00edtania\" \/>\n\t<meta name=\"twitter:data1\" content=\"3 min\u00faty\" \/>\n<script type=\"application\/ld+json\" class=\"yoast-schema-graph\">{\"@context\":\"https:\/\/schema.org\",\"@graph\":[{\"@type\":\"WebPage\",\"@id\":\"https:\/\/www.tlacenezakony.sk\/?page_id=24\",\"url\":\"https:\/\/www.tlacenezakony.sk\/?page_id=24\",\"name\":\"Overview - www.tlacenezakony.sk\",\"isPartOf\":{\"@id\":\"https:\/\/www.tlacenezakony.sk\/#website\"},\"datePublished\":\"2020-10-13T14:36:51+00:00\",\"dateModified\":\"2023-02-11T08:41:58+00:00\",\"breadcrumb\":{\"@id\":\"https:\/\/www.tlacenezakony.sk\/?page_id=24#breadcrumb\"},\"inLanguage\":\"sk-SK\",\"potentialAction\":[{\"@type\":\"ReadAction\",\"target\":[\"https:\/\/www.tlacenezakony.sk\/?page_id=24\"]}]},{\"@type\":\"BreadcrumbList\",\"@id\":\"https:\/\/www.tlacenezakony.sk\/?page_id=24#breadcrumb\",\"itemListElement\":[{\"@type\":\"ListItem\",\"position\":1,\"name\":\"Home\",\"item\":\"https:\/\/www.tlacenezakony.sk\/\"},{\"@type\":\"ListItem\",\"position\":2,\"name\":\"Overview\"}]},{\"@type\":\"WebSite\",\"@id\":\"https:\/\/www.tlacenezakony.sk\/#website\",\"url\":\"https:\/\/www.tlacenezakony.sk\/\",\"name\":\"www.tlacenezakony.sk\",\"description\":\"\",\"publisher\":{\"@id\":\"https:\/\/www.tlacenezakony.sk\/#organization\"},\"potentialAction\":[{\"@type\":\"SearchAction\",\"target\":{\"@type\":\"EntryPoint\",\"urlTemplate\":\"https:\/\/www.tlacenezakony.sk\/?s={search_term_string}\"},\"query-input\":\"required name=search_term_string\"}],\"inLanguage\":\"sk-SK\"},{\"@type\":\"Organization\",\"@id\":\"https:\/\/www.tlacenezakony.sk\/#organization\",\"name\":\"www.tlacenezakony.sk\",\"url\":\"https:\/\/www.tlacenezakony.sk\/\",\"logo\":{\"@type\":\"ImageObject\",\"inLanguage\":\"sk-SK\",\"@id\":\"https:\/\/www.tlacenezakony.sk\/#\/schema\/logo\/image\/\",\"url\":\"https:\/\/www.tlacenezakony.sk\/wp-content\/uploads\/2023\/02\/cropped-logo-tlacenezakony.sk_web_png.png\",\"contentUrl\":\"https:\/\/www.tlacenezakony.sk\/wp-content\/uploads\/2023\/02\/cropped-logo-tlacenezakony.sk_web_png.png\",\"width\":833,\"height\":195,\"caption\":\"www.tlacenezakony.sk\"},\"image\":{\"@id\":\"https:\/\/www.tlacenezakony.sk\/#\/schema\/logo\/image\/\"}}]}<\/script>\n<!-- \/ Yoast SEO plugin. -->","yoast_head_json":{"title":"Overview - www.tlacenezakony.sk","robots":{"index":"index","follow":"follow","max-snippet":"max-snippet:-1","max-image-preview":"max-image-preview:large","max-video-preview":"max-video-preview:-1"},"canonical":"https:\/\/www.tlacenezakony.sk\/?page_id=24","og_locale":"sk_SK","og_type":"article","og_title":"Overview - www.tlacenezakony.sk","og_description":"A leading business adviser that helps dynamic organizations to unlock their potential for growth","og_url":"https:\/\/www.tlacenezakony.sk\/?page_id=24","og_site_name":"www.tlacenezakony.sk","article_modified_time":"2023-02-11T08:41:58+00:00","og_image":[{"url":"https:\/\/www.tlacenezakony.sk\/wp-content\/uploads\/2020\/10\/insurance.jpg"}],"twitter_card":"summary_large_image","twitter_misc":{"Predpokladan\u00fd \u010das \u010d\u00edtania":"3 min\u00faty"},"schema":{"@context":"https:\/\/schema.org","@graph":[{"@type":"WebPage","@id":"https:\/\/www.tlacenezakony.sk\/?page_id=24","url":"https:\/\/www.tlacenezakony.sk\/?page_id=24","name":"Overview - www.tlacenezakony.sk","isPartOf":{"@id":"https:\/\/www.tlacenezakony.sk\/#website"},"datePublished":"2020-10-13T14:36:51+00:00","dateModified":"2023-02-11T08:41:58+00:00","breadcrumb":{"@id":"https:\/\/www.tlacenezakony.sk\/?page_id=24#breadcrumb"},"inLanguage":"sk-SK","potentialAction":[{"@type":"ReadAction","target":["https:\/\/www.tlacenezakony.sk\/?page_id=24"]}]},{"@type":"BreadcrumbList","@id":"https:\/\/www.tlacenezakony.sk\/?page_id=24#breadcrumb","itemListElement":[{"@type":"ListItem","position":1,"name":"Home","item":"https:\/\/www.tlacenezakony.sk\/"},{"@type":"ListItem","position":2,"name":"Overview"}]},{"@type":"WebSite","@id":"https:\/\/www.tlacenezakony.sk\/#website","url":"https:\/\/www.tlacenezakony.sk\/","name":"www.tlacenezakony.sk","description":"","publisher":{"@id":"https:\/\/www.tlacenezakony.sk\/#organization"},"potentialAction":[{"@type":"SearchAction","target":{"@type":"EntryPoint","urlTemplate":"https:\/\/www.tlacenezakony.sk\/?s={search_term_string}"},"query-input":"required name=search_term_string"}],"inLanguage":"sk-SK"},{"@type":"Organization","@id":"https:\/\/www.tlacenezakony.sk\/#organization","name":"www.tlacenezakony.sk","url":"https:\/\/www.tlacenezakony.sk\/","logo":{"@type":"ImageObject","inLanguage":"sk-SK","@id":"https:\/\/www.tlacenezakony.sk\/#\/schema\/logo\/image\/","url":"https:\/\/www.tlacenezakony.sk\/wp-content\/uploads\/2023\/02\/cropped-logo-tlacenezakony.sk_web_png.png","contentUrl":"https:\/\/www.tlacenezakony.sk\/wp-content\/uploads\/2023\/02\/cropped-logo-tlacenezakony.sk_web_png.png","width":833,"height":195,"caption":"www.tlacenezakony.sk"},"image":{"@id":"https:\/\/www.tlacenezakony.sk\/#\/schema\/logo\/image\/"}}]}},"_links":{"self":[{"href":"https:\/\/www.tlacenezakony.sk\/index.php?rest_route=\/wp\/v2\/pages\/24"}],"collection":[{"href":"https:\/\/www.tlacenezakony.sk\/index.php?rest_route=\/wp\/v2\/pages"}],"about":[{"href":"https:\/\/www.tlacenezakony.sk\/index.php?rest_route=\/wp\/v2\/types\/page"}],"author":[{"embeddable":true,"href":"https:\/\/www.tlacenezakony.sk\/index.php?rest_route=\/wp\/v2\/users\/1"}],"replies":[{"embeddable":true,"href":"https:\/\/www.tlacenezakony.sk\/index.php?rest_route=%2Fwp%2Fv2%2Fcomments&post=24"}],"version-history":[{"count":1,"href":"https:\/\/www.tlacenezakony.sk\/index.php?rest_route=\/wp\/v2\/pages\/24\/revisions"}],"predecessor-version":[{"id":394,"href":"https:\/\/www.tlacenezakony.sk\/index.php?rest_route=\/wp\/v2\/pages\/24\/revisions\/394"}],"wp:attachment":[{"href":"https:\/\/www.tlacenezakony.sk\/index.php?rest_route=%2Fwp%2Fv2%2Fmedia&parent=24"}],"curies":[{"name":"wp","href":"https:\/\/api.w.org\/{rel}","templated":true}]}}