{"id":22,"date":"2020-10-13T14:36:39","date_gmt":"2020-10-13T14:36:39","guid":{"rendered":"https:\/\/www.cssigniter.com\/demos\/convert\/?page_id=22"},"modified":"2020-10-13T14:36:39","modified_gmt":"2020-10-13T14:36:39","slug":"overview-style-1","status":"publish","type":"page","link":"https:\/\/www.tlacenezakony.sk\/?page_id=22","title":{"rendered":"Overview"},"content":{"rendered":"\n<p>We believe that we\u2019re only as good as the good we do.<\/p>\n\n\n\n<p>All the facts and figures that talk to our size and diversity and years of history, as notable and important as they may be, are secondary to the truest measure of Convert Group: the impact we make in the world.<\/p>\n\n\n\n<p>So, when people ask, \u201cwhat\u2019s different about Convert Group?\u201d the answer resides in the many specific examples of where we have helped Convert Group member firm clients, our people, and sections of society to achieve remarkable goals, solve complex problems or make meaningful progress. Deeper still, it\u2019s in the beliefs, behaviors and fundamental sense of purpose that underpin all that we do.<\/p>\n\n\n\n<h2>Mission<\/h2>\n\n\n\n<p>Cutting edge competence and flexibility when you need it. Skilled and certified experts who ensure you get the right return on your technology investment, and who help your enterprise make technology a competitive edge. Our greatest strength is the combination of our strong, local presence and our global ability to deliver from all of the Nordics, Latvia, and India.<\/p>\n\n\n\n<blockquote class=\"wp-block-quote\"><p>Once you know what you want to accomplish, our experienced consultants have the tools and methods that allow you to reach all the way to success. One condition is that those affected by the changes get involved in the work thorugh workshops and other efforts. Involvement from key representatives from your business is crucial to success.<\/p><\/blockquote>\n\n\n\n<h3>How we innovate<\/h3>\n\n\n\n<p>The traditional approach to application management, using linear processes, silo-based planning and a technology focus must be replaced with an holistic approach, incorporating both marathon and sprint, and supporting multiple layers of operations.<\/p>\n\n\n\n<p>For us, good isn\u2019t good enough. We aim to be the best at all that we do\u2014to help clients realize their ambitions; to make a positive difference in society; and to maximize the success of our people. This drive fuels the commitment and humanity that run deep through our every action.<\/p>\n\n\n\n<p>That\u2019s what makes us truly different at Convert Group. Not how big we are, where we are, nor what services we offer. What really defines us is our drive to make an impact that matters in the world.<\/p>\n\n\n\n<p>As times changed and Convert Group expanded worldwide, our commitment to clients\u2014like you\u2014never wavered. With us, you\u2019re supported by a global network of more than 250,000 people in 158 countries with one goal: to help your business thrive.<\/p>\n","protected":false},"excerpt":{"rendered":"<p>We believe that we\u2019re only as good as the good we do. All the facts and figures that talk to our size and diversity and years of history, as notable and important as they may [&hellip;]<\/p>\n","protected":false},"author":1,"featured_media":183,"parent":0,"menu_order":0,"comment_status":"closed","ping_status":"closed","template":"","meta":{"content-type":"","om_disable_all_campaigns":false,"_mi_skip_tracking":false},"yoast_head":"<!-- This site is optimized with the Yoast SEO plugin v20.1 - https:\/\/yoast.com\/wordpress\/plugins\/seo\/ -->\n<title>Overview - www.tlacenezakony.sk<\/title>\n<meta name=\"robots\" content=\"index, follow, max-snippet:-1, max-image-preview:large, max-video-preview:-1\" \/>\n<link rel=\"canonical\" href=\"https:\/\/www.tlacenezakony.sk\/?page_id=22\" \/>\n<meta property=\"og:locale\" content=\"sk_SK\" \/>\n<meta property=\"og:type\" content=\"article\" \/>\n<meta property=\"og:title\" content=\"Overview - www.tlacenezakony.sk\" \/>\n<meta property=\"og:description\" content=\"We believe that we\u2019re only as good as the good we do. All the facts and figures that talk to our size and diversity and years of history, as notable and important as they may [&hellip;]\" \/>\n<meta property=\"og:url\" content=\"https:\/\/www.tlacenezakony.sk\/?page_id=22\" \/>\n<meta property=\"og:site_name\" content=\"www.tlacenezakony.sk\" \/>\n<meta property=\"og:image\" content=\"https:\/\/www.tlacenezakony.sk\/wp-content\/uploads\/2020\/10\/about.jpg\" \/>\n\t<meta property=\"og:image:width\" content=\"900\" \/>\n\t<meta property=\"og:image:height\" content=\"506\" \/>\n\t<meta property=\"og:image:type\" content=\"image\/jpeg\" \/>\n<meta name=\"twitter:card\" content=\"summary_large_image\" \/>\n<meta name=\"twitter:label1\" content=\"Predpokladan\u00fd \u010das \u010d\u00edtania\" \/>\n\t<meta name=\"twitter:data1\" content=\"2 min\u00faty\" \/>\n<script type=\"application\/ld+json\" class=\"yoast-schema-graph\">{\"@context\":\"https:\/\/schema.org\",\"@graph\":[{\"@type\":\"WebPage\",\"@id\":\"https:\/\/www.tlacenezakony.sk\/?page_id=22\",\"url\":\"https:\/\/www.tlacenezakony.sk\/?page_id=22\",\"name\":\"Overview - www.tlacenezakony.sk\",\"isPartOf\":{\"@id\":\"https:\/\/www.tlacenezakony.sk\/#website\"},\"datePublished\":\"2020-10-13T14:36:39+00:00\",\"dateModified\":\"2020-10-13T14:36:39+00:00\",\"breadcrumb\":{\"@id\":\"https:\/\/www.tlacenezakony.sk\/?page_id=22#breadcrumb\"},\"inLanguage\":\"sk-SK\",\"potentialAction\":[{\"@type\":\"ReadAction\",\"target\":[\"https:\/\/www.tlacenezakony.sk\/?page_id=22\"]}]},{\"@type\":\"BreadcrumbList\",\"@id\":\"https:\/\/www.tlacenezakony.sk\/?page_id=22#breadcrumb\",\"itemListElement\":[{\"@type\":\"ListItem\",\"position\":1,\"name\":\"Home\",\"item\":\"https:\/\/www.tlacenezakony.sk\/\"},{\"@type\":\"ListItem\",\"position\":2,\"name\":\"Overview\"}]},{\"@type\":\"WebSite\",\"@id\":\"https:\/\/www.tlacenezakony.sk\/#website\",\"url\":\"https:\/\/www.tlacenezakony.sk\/\",\"name\":\"www.tlacenezakony.sk\",\"description\":\"\",\"publisher\":{\"@id\":\"https:\/\/www.tlacenezakony.sk\/#organization\"},\"potentialAction\":[{\"@type\":\"SearchAction\",\"target\":{\"@type\":\"EntryPoint\",\"urlTemplate\":\"https:\/\/www.tlacenezakony.sk\/?s={search_term_string}\"},\"query-input\":\"required name=search_term_string\"}],\"inLanguage\":\"sk-SK\"},{\"@type\":\"Organization\",\"@id\":\"https:\/\/www.tlacenezakony.sk\/#organization\",\"name\":\"www.tlacenezakony.sk\",\"url\":\"https:\/\/www.tlacenezakony.sk\/\",\"logo\":{\"@type\":\"ImageObject\",\"inLanguage\":\"sk-SK\",\"@id\":\"https:\/\/www.tlacenezakony.sk\/#\/schema\/logo\/image\/\",\"url\":\"https:\/\/www.tlacenezakony.sk\/wp-content\/uploads\/2023\/02\/cropped-logo-tlacenezakony.sk_web_png.png\",\"contentUrl\":\"https:\/\/www.tlacenezakony.sk\/wp-content\/uploads\/2023\/02\/cropped-logo-tlacenezakony.sk_web_png.png\",\"width\":833,\"height\":195,\"caption\":\"www.tlacenezakony.sk\"},\"image\":{\"@id\":\"https:\/\/www.tlacenezakony.sk\/#\/schema\/logo\/image\/\"}}]}<\/script>\n<!-- \/ Yoast SEO plugin. -->","yoast_head_json":{"title":"Overview - www.tlacenezakony.sk","robots":{"index":"index","follow":"follow","max-snippet":"max-snippet:-1","max-image-preview":"max-image-preview:large","max-video-preview":"max-video-preview:-1"},"canonical":"https:\/\/www.tlacenezakony.sk\/?page_id=22","og_locale":"sk_SK","og_type":"article","og_title":"Overview - www.tlacenezakony.sk","og_description":"We believe that we\u2019re only as good as the good we do. All the facts and figures that talk to our size and diversity and years of history, as notable and important as they may [&hellip;]","og_url":"https:\/\/www.tlacenezakony.sk\/?page_id=22","og_site_name":"www.tlacenezakony.sk","og_image":[{"width":900,"height":506,"url":"https:\/\/www.tlacenezakony.sk\/wp-content\/uploads\/2020\/10\/about.jpg","type":"image\/jpeg"}],"twitter_card":"summary_large_image","twitter_misc":{"Predpokladan\u00fd \u010das \u010d\u00edtania":"2 min\u00faty"},"schema":{"@context":"https:\/\/schema.org","@graph":[{"@type":"WebPage","@id":"https:\/\/www.tlacenezakony.sk\/?page_id=22","url":"https:\/\/www.tlacenezakony.sk\/?page_id=22","name":"Overview - www.tlacenezakony.sk","isPartOf":{"@id":"https:\/\/www.tlacenezakony.sk\/#website"},"datePublished":"2020-10-13T14:36:39+00:00","dateModified":"2020-10-13T14:36:39+00:00","breadcrumb":{"@id":"https:\/\/www.tlacenezakony.sk\/?page_id=22#breadcrumb"},"inLanguage":"sk-SK","potentialAction":[{"@type":"ReadAction","target":["https:\/\/www.tlacenezakony.sk\/?page_id=22"]}]},{"@type":"BreadcrumbList","@id":"https:\/\/www.tlacenezakony.sk\/?page_id=22#breadcrumb","itemListElement":[{"@type":"ListItem","position":1,"name":"Home","item":"https:\/\/www.tlacenezakony.sk\/"},{"@type":"ListItem","position":2,"name":"Overview"}]},{"@type":"WebSite","@id":"https:\/\/www.tlacenezakony.sk\/#website","url":"https:\/\/www.tlacenezakony.sk\/","name":"www.tlacenezakony.sk","description":"","publisher":{"@id":"https:\/\/www.tlacenezakony.sk\/#organization"},"potentialAction":[{"@type":"SearchAction","target":{"@type":"EntryPoint","urlTemplate":"https:\/\/www.tlacenezakony.sk\/?s={search_term_string}"},"query-input":"required name=search_term_string"}],"inLanguage":"sk-SK"},{"@type":"Organization","@id":"https:\/\/www.tlacenezakony.sk\/#organization","name":"www.tlacenezakony.sk","url":"https:\/\/www.tlacenezakony.sk\/","logo":{"@type":"ImageObject","inLanguage":"sk-SK","@id":"https:\/\/www.tlacenezakony.sk\/#\/schema\/logo\/image\/","url":"https:\/\/www.tlacenezakony.sk\/wp-content\/uploads\/2023\/02\/cropped-logo-tlacenezakony.sk_web_png.png","contentUrl":"https:\/\/www.tlacenezakony.sk\/wp-content\/uploads\/2023\/02\/cropped-logo-tlacenezakony.sk_web_png.png","width":833,"height":195,"caption":"www.tlacenezakony.sk"},"image":{"@id":"https:\/\/www.tlacenezakony.sk\/#\/schema\/logo\/image\/"}}]}},"_links":{"self":[{"href":"https:\/\/www.tlacenezakony.sk\/index.php?rest_route=\/wp\/v2\/pages\/22"}],"collection":[{"href":"https:\/\/www.tlacenezakony.sk\/index.php?rest_route=\/wp\/v2\/pages"}],"about":[{"href":"https:\/\/www.tlacenezakony.sk\/index.php?rest_route=\/wp\/v2\/types\/page"}],"author":[{"embeddable":true,"href":"https:\/\/www.tlacenezakony.sk\/index.php?rest_route=\/wp\/v2\/users\/1"}],"replies":[{"embeddable":true,"href":"https:\/\/www.tlacenezakony.sk\/index.php?rest_route=%2Fwp%2Fv2%2Fcomments&post=22"}],"version-history":[{"count":0,"href":"https:\/\/www.tlacenezakony.sk\/index.php?rest_route=\/wp\/v2\/pages\/22\/revisions"}],"wp:featuredmedia":[{"embeddable":true,"href":"https:\/\/www.tlacenezakony.sk\/index.php?rest_route=\/wp\/v2\/media\/183"}],"wp:attachment":[{"href":"https:\/\/www.tlacenezakony.sk\/index.php?rest_route=%2Fwp%2Fv2%2Fmedia&parent=22"}],"curies":[{"name":"wp","href":"https:\/\/api.w.org\/{rel}","templated":true}]}}